{"id":21057,"date":"2022-04-11T14:11:22","date_gmt":"2022-04-11T12:11:22","guid":{"rendered":"https:\/\/www.circuitricardotormo.com\/avis-legal\/"},"modified":"2022-07-28T13:26:05","modified_gmt":"2022-07-28T13:26:05","slug":"avis-legal","status":"publish","type":"page","link":"https:\/\/www.circuitricardotormo.com\/ca\/avis-legal\/","title":{"rendered":"Av\u00eds Legal"},"content":{"rendered":"\t\t<div data-elementor-type=\"wp-page\" data-elementor-id=\"21057\" class=\"elementor elementor-21057 elementor-20779\" data-elementor-post-type=\"page\">\n\t\t\t\t\t\t<section class=\"elementor-section elementor-top-section elementor-element elementor-element-2c841792 elementor-section-height-min-height elementor-section-boxed elementor-section-height-default elementor-section-items-middle\" data-id=\"2c841792\" data-element_type=\"section\" data-settings=\"{&quot;jet_parallax_layout_list&quot;:[],&quot;background_background&quot;:&quot;video&quot;,&quot;background_video_link&quot;:&quot;https:\\\/\\\/www.youtube.com\\\/watch?v=2TdSQ_WUf9w&quot;}\">\n\t\t\t\t\t\t\t\t<div class=\"elementor-background-video-container elementor-hidden-mobile\" aria-hidden=\"true\">\n\t\t\t\t\t\t\t\t\t\t\t\t\t<div class=\"elementor-background-video-embed\"><\/div>\n\t\t\t\t\t\t\t\t\t\t\t\t<\/div>\n\t\t\t\t\t\t\t\t\t<div class=\"elementor-background-overlay\"><\/div>\n\t\t\t\t\t\t\t<div class=\"elementor-container elementor-column-gap-default\">\n\t\t\t\t\t<div class=\"elementor-column elementor-col-100 elementor-top-column elementor-element elementor-element-69710fb1\" data-id=\"69710fb1\" data-element_type=\"column\">\n\t\t\t<div class=\"elementor-widget-wrap\">\n\t\t\t\t\t\t\t<\/div>\n\t\t<\/div>\n\t\t\t\t\t<\/div>\n\t\t<\/section>\n\t\t\t\t<section class=\"elementor-section elementor-top-section elementor-element elementor-element-1cc9d658 seccion elementor-section-boxed elementor-section-height-default elementor-section-height-default\" data-id=\"1cc9d658\" data-element_type=\"section\" data-settings=\"{&quot;jet_parallax_layout_list&quot;:[]}\">\n\t\t\t\t\t\t<div class=\"elementor-container elementor-column-gap-default\">\n\t\t\t\t\t<div class=\"elementor-column elementor-col-100 elementor-top-column elementor-element elementor-element-3f06aae3\" data-id=\"3f06aae3\" data-element_type=\"column\">\n\t\t\t<div class=\"elementor-widget-wrap elementor-element-populated\">\n\t\t\t\t\t\t<section class=\"elementor-section elementor-inner-section elementor-element elementor-element-6b9267e4 elementor-section-height-min-height elementor-reverse-mobile elementor-reverse-tablet cajaSombraRound elementor-section-boxed elementor-section-height-default\" data-id=\"6b9267e4\" data-element_type=\"section\" data-settings=\"{&quot;jet_parallax_layout_list&quot;:[]}\">\n\t\t\t\t\t\t<div class=\"elementor-container elementor-column-gap-default\">\n\t\t\t\t\t<div class=\"elementor-column elementor-col-100 elementor-inner-column elementor-element elementor-element-749999e4\" data-id=\"749999e4\" data-element_type=\"column\" data-settings=\"{&quot;background_background&quot;:&quot;classic&quot;}\">\n\t\t\t<div class=\"elementor-widget-wrap elementor-element-populated\">\n\t\t\t\t\t\t<div class=\"elementor-element elementor-element-363a66b3 elementor-widget elementor-widget-heading\" data-id=\"363a66b3\" data-element_type=\"widget\" data-widget_type=\"heading.default\">\n\t\t\t\t<div class=\"elementor-widget-container\">\n\t\t\t\t\t<h1 class=\"elementor-heading-title elementor-size-default\">Av\u00eds Legal<\/h1>\t\t\t\t<\/div>\n\t\t\t\t<\/div>\n\t\t\t\t<div class=\"elementor-element elementor-element-1de2963 elementor-widget elementor-widget-text-editor\" data-id=\"1de2963\" data-element_type=\"widget\" data-widget_type=\"text-editor.default\">\n\t\t\t\t<div class=\"elementor-widget-container\">\n\t\t\t\t\t\t\t\t\tEn compliment del que preveu la Llei 34\/2002, d\u201911 de juliol, de Servicis de la Societat de la Informaci\u00f3 i de Comer\u00e7 Electr\u00f2nic, es posen en coneixement dels usuaris del portal\u00a0<strong>www.circuitvalencia.com<\/strong>\u00a0les seg\u00fcents dades d\u2019informaci\u00f3 general:\r\n\r\n1. Este portal s\u2019ha creat i es mant\u00e9 a inst\u00e0ncies del seu leg\u00edtim titular, Circuit del Motor i Promoci\u00f3 Esportiva S.A.U (d\u2019ara endavant, \u2018Circuit\u2019).\r\n2. El Circuit \u00e9s una societat amb domicili social a:\r\n<ul>\r\n \t<li>Autovia A-3 Val\u00e8ncia-Madrid, Eixida 334, s\/n 46380, Xest (Val\u00e8ncia, Espanya)<\/li>\r\n<\/ul>\r\n3. El Circuito est\u00e0 prove\u00eft del N.I.F. A96793690\r\n4. El Circuit del Motor i Promoci\u00f3 Esportiva S.A.U. est\u00e0 inscrit en el Registre Mercantil de Val\u00e8ncia, al Tom 9009, Llibre 6294, Foli 79, Secci\u00f3 8\u00aa, Full V 63415.\r\n5. Els usuaris del present portal podr\u00e1n establir una comunicaci\u00f3 directa i efectiva amb el Circuit mitjan\u00e7ant comunicaci\u00f3 escrita remesa al domicili indicat al punt 2 dels que componen este Av\u00eds Legal, aix\u00ed como utilitzant qualsevol dels seg\u00fcents mitjans:\r\n<ul>\r\n \t<li>Tel\u00e8fon: 902 012 899<\/li>\r\n \t<li>E-mail: info@circuitvalencia.com<\/li>\r\n<\/ul>\r\n(*) No ser\u00e0 admesa la recepci\u00f3 de dades personals que no tinguen relaci\u00f3 en l\u2019activitat del Circuit. Li comuniquem que si la seua petici\u00f3 no reuneix els citats requisits, procedirem a la seua destrucci\u00f3 de manera autom\u00e1tica. L\u2019enviament de correus electr\u00f2nics a esta adre\u00e7a suposar\u00e0 que l\u2019afectat ha acceptat que les seues dades seran tractades amb la finalitat de tramitar les consultes plantejades al Circuit. Per a l\u2019efecte, l\u2019informem que pot exercir els seus drets d\u2019acc\u00e9s, rectificaci\u00f3, canel\u00b7laci\u00f3 i\/o oposici\u00f3n mitjan\u00e7ant carta, incloent una c\u00f2pia del seu DNI o altre document identificatiu equivalent, dirigida a Circuit del Motor i Promoci\u00f3 Esportiva SAU (Ref. Protecci\u00f3 de Dades) Autovia A-3. Val\u00e8ncia-Madrid, Eixida 334, s\/n, C.P. 46380, Xest, Val\u00e8ncia (Espanya).\t\t\t\t\t\t\t\t<\/div>\n\t\t\t\t<\/div>\n\t\t\t\t\t<\/div>\n\t\t<\/div>\n\t\t\t\t\t<\/div>\n\t\t<\/section>\n\t\t\t\t\t<\/div>\n\t\t<\/div>\n\t\t\t\t\t<\/div>\n\t\t<\/section>\n\t\t\t\t<\/div>\n\t\t","protected":false},"excerpt":{"rendered":"<p>Av\u00eds Legal En compliment del que preveu la Llei 34\/2002, d\u201911 de juliol, de Servicis de la Societat de la Informaci\u00f3 i de Comer\u00e7 Electr\u00f2nic, es posen en coneixement dels usuaris del portal\u00a0www.circuitvalencia.com\u00a0les seg\u00fcents dades d\u2019informaci\u00f3 general: 1. Este portal s\u2019ha creat i es mant\u00e9 a inst\u00e0ncies del seu leg\u00edtim titular, Circuit del Motor i [&hellip;]<\/p>\n","protected":false},"author":1,"featured_media":0,"parent":0,"menu_order":0,"comment_status":"closed","ping_status":"closed","template":"elementor_header_footer","meta":{"_acf_changed":false,"footnotes":""},"class_list":["post-21057","page","type-page","status-publish","hentry"],"acf":[],"_links":{"self":[{"href":"https:\/\/www.circuitricardotormo.com\/ca\/wp-json\/wp\/v2\/pages\/21057","targetHints":{"allow":["GET"]}}],"collection":[{"href":"https:\/\/www.circuitricardotormo.com\/ca\/wp-json\/wp\/v2\/pages"}],"about":[{"href":"https:\/\/www.circuitricardotormo.com\/ca\/wp-json\/wp\/v2\/types\/page"}],"author":[{"embeddable":true,"href":"https:\/\/www.circuitricardotormo.com\/ca\/wp-json\/wp\/v2\/users\/1"}],"replies":[{"embeddable":true,"href":"https:\/\/www.circuitricardotormo.com\/ca\/wp-json\/wp\/v2\/comments?post=21057"}],"version-history":[{"count":0,"href":"https:\/\/www.circuitricardotormo.com\/ca\/wp-json\/wp\/v2\/pages\/21057\/revisions"}],"wp:attachment":[{"href":"https:\/\/www.circuitricardotormo.com\/ca\/wp-json\/wp\/v2\/media?parent=21057"}],"curies":[{"name":"wp","href":"https:\/\/api.w.org\/{rel}","templated":true}]}}