{"id":21073,"date":"2022-04-11T14:16:59","date_gmt":"2022-04-11T12:16:59","guid":{"rendered":"https:\/\/www.circuitricardotormo.com\/responsabilitat-social-corporativa\/"},"modified":"2022-07-28T13:22:49","modified_gmt":"2022-07-28T13:22:49","slug":"responsabilitat-social-corporativa","status":"publish","type":"page","link":"https:\/\/www.circuitricardotormo.com\/ca\/responsabilitat-social-corporativa\/","title":{"rendered":"Responsabilitat Social Corporativa"},"content":{"rendered":"\t\t<div data-elementor-type=\"wp-page\" data-elementor-id=\"21073\" class=\"elementor elementor-21073 elementor-20783\" data-elementor-post-type=\"page\">\n\t\t\t\t\t\t<section class=\"elementor-section elementor-top-section elementor-element elementor-element-743f197c elementor-section-height-min-height elementor-section-boxed elementor-section-height-default elementor-section-items-middle\" data-id=\"743f197c\" data-element_type=\"section\" data-settings=\"{&quot;jet_parallax_layout_list&quot;:[],&quot;background_background&quot;:&quot;video&quot;,&quot;background_video_link&quot;:&quot;https:\\\/\\\/www.youtube.com\\\/watch?v=2TdSQ_WUf9w&quot;}\">\n\t\t\t\t\t\t\t\t<div class=\"elementor-background-video-container elementor-hidden-mobile\" aria-hidden=\"true\">\n\t\t\t\t\t\t\t\t\t\t\t\t\t<div class=\"elementor-background-video-embed\"><\/div>\n\t\t\t\t\t\t\t\t\t\t\t\t<\/div>\n\t\t\t\t\t\t\t\t\t<div class=\"elementor-background-overlay\"><\/div>\n\t\t\t\t\t\t\t<div class=\"elementor-container elementor-column-gap-default\">\n\t\t\t\t\t<div class=\"elementor-column elementor-col-100 elementor-top-column elementor-element elementor-element-3ccc11bf\" data-id=\"3ccc11bf\" data-element_type=\"column\">\n\t\t\t<div class=\"elementor-widget-wrap\">\n\t\t\t\t\t\t\t<\/div>\n\t\t<\/div>\n\t\t\t\t\t<\/div>\n\t\t<\/section>\n\t\t\t\t<section class=\"elementor-section elementor-top-section elementor-element elementor-element-43fa7cd1 seccion elementor-section-boxed elementor-section-height-default elementor-section-height-default\" data-id=\"43fa7cd1\" data-element_type=\"section\" data-settings=\"{&quot;jet_parallax_layout_list&quot;:[]}\">\n\t\t\t\t\t\t<div class=\"elementor-container elementor-column-gap-default\">\n\t\t\t\t\t<div class=\"elementor-column elementor-col-100 elementor-top-column elementor-element elementor-element-3f803ff3\" data-id=\"3f803ff3\" data-element_type=\"column\">\n\t\t\t<div class=\"elementor-widget-wrap elementor-element-populated\">\n\t\t\t\t\t\t<section class=\"elementor-section elementor-inner-section elementor-element elementor-element-8842bcf elementor-section-height-min-height elementor-reverse-mobile elementor-reverse-tablet cajaSombraRound elementor-section-boxed elementor-section-height-default\" data-id=\"8842bcf\" data-element_type=\"section\" data-settings=\"{&quot;jet_parallax_layout_list&quot;:[]}\">\n\t\t\t\t\t\t<div class=\"elementor-container elementor-column-gap-default\">\n\t\t\t\t\t<div class=\"elementor-column elementor-col-100 elementor-inner-column elementor-element elementor-element-8e4d05a\" data-id=\"8e4d05a\" data-element_type=\"column\" data-settings=\"{&quot;background_background&quot;:&quot;classic&quot;}\">\n\t\t\t<div class=\"elementor-widget-wrap elementor-element-populated\">\n\t\t\t\t\t\t<div class=\"elementor-element elementor-element-41f4e269 elementor-widget elementor-widget-heading\" data-id=\"41f4e269\" data-element_type=\"widget\" data-widget_type=\"heading.default\">\n\t\t\t\t<div class=\"elementor-widget-container\">\n\t\t\t\t\t<h1 class=\"elementor-heading-title elementor-size-default\">Responsabilitat Social Corporativa<\/h1>\t\t\t\t<\/div>\n\t\t\t\t<\/div>\n\t\t\t\t<div class=\"elementor-element elementor-element-3fa03884 elementor-widget elementor-widget-text-editor\" data-id=\"3fa03884\" data-element_type=\"widget\" data-widget_type=\"text-editor.default\">\n\t\t\t\t<div class=\"elementor-widget-container\">\n\t\t\t\t\t\t\t\t\tDes del naixement del Circuit en 1999 s&#8217;han anat desenvolupant diferents pol\u00edtiques que en 2017 van confluir en una primera mem\u00f2ria experimental de Responsabilitat Social Corporativa. En 2018 es desenvolupa i millora aquesta estructura amb la publicaci\u00f3 en aquest apartat de la p\u00e0gina web dels nostres treballs en aquesta mat\u00e8ria. Una empresa p\u00fablica com a Circuit del Motor i Promoci\u00f3 Esportiva S.A. no pot deixar de valorar el seu impacte en el seu entorn social i ambiental i tractar de millorar-lo en la mesura de les seues possibilitats.\r\n\r\nPer a evidenciar el nostre ferm comprom\u00eds amb un model de desenvolupament sostenible. El Circuit Ricardo Tormo aplica uns elevats est\u00e0ndards de transpar\u00e8ncia i se sotmet peri\u00f2dicament a controls de qualitat, responsabilitat social i gesti\u00f3 mediambiental per empreses especialitzades en la mat\u00e8ria\r\n\r\nEn els seg\u00fcents documents trobar\u00e0s totes la informaci\u00f3 sobre els treballs en mat\u00e8ria de Responsabilitat Social Corporativa de l&#8217;empresa p\u00fablica que gestiona el Circuit Ricardo Tormo, Circuit del Motor i Promoci\u00f3 Esportiva, S.A.\r\n<h4>Codi \u00c8tic de Conducta<\/h4>\r\n<a href=\"\/wp-content\/uploads\/2022\/05\/01-Codigo-Etico-de-Conducta-carta-de-direccion.pdf\">Codi \u00c8tic de Conducta\u00a0<strong>(PDF)<\/strong><\/a>\r\n<ul>\r\n \t<li>Carta de la Direcci\u00f3<\/li>\r\n \t<li>La nostra cultura<\/li>\r\n \t<li>El nostre comprom\u00eds<\/li>\r\n \t<li>La nostra normativa<\/li>\r\n \t<li>Compliment<\/li>\r\n<\/ul>\r\n\r\n\r\n<h4>Pol\u00edtica Anticorrupci\u00f3<\/h4>\r\n\r\n<a href=\"\/wp-content\/uploads\/2022\/05\/02-Politica-Anticorrupcion.pdf\">Pol\u00edtica Anticorrupci\u00f3 <strong>(PDF)<\/strong><\/a>:\r\n<ul>\r\n \t<li>Principis generals<\/li>\r\n \t<li>Aplicaci\u00f3<\/li>\r\n \t<li>Regals<\/li>\r\n \t<li>Donacions<\/li>\r\n \t<li>Extorsi\u00f3 i suborn<\/li>\r\n \t<li>Pagaments de facilitaci\u00f3<\/li>\r\n \t<li>Tr\u00e0fic d&#8217;influ\u00e8ncies<\/li>\r\n \t<li>Despeses de viatge i representaci\u00f3<\/li>\r\n \t<li>Empreses prove\u00efdores<\/li>\r\n \t<li>Clients\/as inapropiats<\/li>\r\n \t<li>Socis\/as empresarials<\/li>\r\n<\/ul>\r\n\r\n<h4>Pol\u00edtica de Compres Responsables<\/h4>\r\n\r\n<ul>\r\n \t<li>Contractaci\u00f3<\/li>\r\n \t<li>Criteris<\/li>\r\n \t<li>Col\u00b7laboracions<\/li>\r\n<\/ul>\r\n\r\n<h4>Pol\u00edtica de Seguretat i Salut<\/h4>\r\n\r\n<a href=\"\/wp-content\/uploads\/2022\/05\/04-Politica-de-Seguridad-y-Salud.pdf\">Pol\u00edtica de Seguretat i Salut\u00a0<strong>(PDF)<\/strong><\/a>:\r\n<ul>\r\n \t<li>Compliment estricte de la legalitat.<\/li>\r\n \t<li>Creaci\u00f3 d&#8217;un entorn laboral segur i saludable.<\/li>\r\n \t<li>Disposar dels mitjans adequats.<\/li>\r\n \t<li>Implicaci\u00f3 dels grups d&#8217;inter\u00e9s.<\/li>\r\n \t<li>Informaci\u00f3.<\/li>\r\n \t<li>Mantindre canals oberts de comunicaci\u00f3 amb els grups d&#8217;inter\u00e9s que treballen i\/o utilitzen les instal\u00b7lacions.<\/li>\r\n<\/ul>\r\n\r\n<h4>Pol\u00edtica de Desenvolupament de Negoci<\/h4>\r\n\r\n<a href=\"\/wp-content\/uploads\/2022\/05\/05-Politica-de-Desarrollo-del-Negocio.pdf\">Pol\u00edtica de Desenvolupament de Negoci\u00a0<strong>(PDF)<\/strong><\/a>:\r\n<ul>\r\n \t<li>Universalitat<\/li>\r\n \t<li>Democratitzaci\u00f3<\/li>\r\n \t<li>Millora cont\u00ednua<\/li>\r\n \t<li>Experi\u00e8ncies<\/li>\r\n<\/ul>\t\t\t\t\t\t\t\t<\/div>\n\t\t\t\t<\/div>\n\t\t\t\t\t<\/div>\n\t\t<\/div>\n\t\t\t\t\t<\/div>\n\t\t<\/section>\n\t\t\t\t\t<\/div>\n\t\t<\/div>\n\t\t\t\t\t<\/div>\n\t\t<\/section>\n\t\t\t\t<\/div>\n\t\t","protected":false},"excerpt":{"rendered":"<p>Responsabilitat Social Corporativa Des del naixement del Circuit en 1999 s&#8217;han anat desenvolupant diferents pol\u00edtiques que en 2017 van confluir en una primera mem\u00f2ria experimental de Responsabilitat Social Corporativa. En 2018 es desenvolupa i millora aquesta estructura amb la publicaci\u00f3 en aquest apartat de la p\u00e0gina web dels nostres treballs en aquesta mat\u00e8ria. Una empresa [&hellip;]<\/p>\n","protected":false},"author":1,"featured_media":0,"parent":0,"menu_order":0,"comment_status":"closed","ping_status":"closed","template":"elementor_header_footer","meta":{"_acf_changed":false,"footnotes":""},"class_list":["post-21073","page","type-page","status-publish","hentry"],"acf":[],"_links":{"self":[{"href":"https:\/\/www.circuitricardotormo.com\/ca\/wp-json\/wp\/v2\/pages\/21073","targetHints":{"allow":["GET"]}}],"collection":[{"href":"https:\/\/www.circuitricardotormo.com\/ca\/wp-json\/wp\/v2\/pages"}],"about":[{"href":"https:\/\/www.circuitricardotormo.com\/ca\/wp-json\/wp\/v2\/types\/page"}],"author":[{"embeddable":true,"href":"https:\/\/www.circuitricardotormo.com\/ca\/wp-json\/wp\/v2\/users\/1"}],"replies":[{"embeddable":true,"href":"https:\/\/www.circuitricardotormo.com\/ca\/wp-json\/wp\/v2\/comments?post=21073"}],"version-history":[{"count":0,"href":"https:\/\/www.circuitricardotormo.com\/ca\/wp-json\/wp\/v2\/pages\/21073\/revisions"}],"wp:attachment":[{"href":"https:\/\/www.circuitricardotormo.com\/ca\/wp-json\/wp\/v2\/media?parent=21073"}],"curies":[{"name":"wp","href":"https:\/\/api.w.org\/{rel}","templated":true}]}}