{"id":21078,"date":"2022-04-12T09:33:09","date_gmt":"2022-04-12T09:33:09","guid":{"rendered":"https:\/\/www.circuitricardotormo.com\/politica-de-cookies\/"},"modified":"2022-07-28T13:25:19","modified_gmt":"2022-07-28T13:25:19","slug":"politica-de-cookies","status":"publish","type":"page","link":"https:\/\/www.circuitricardotormo.com\/ca\/politica-de-cookies\/","title":{"rendered":"Pol\u00edtica de cookies"},"content":{"rendered":"\t\t<div data-elementor-type=\"wp-page\" data-elementor-id=\"21078\" class=\"elementor elementor-21078 elementor-20806\" data-elementor-post-type=\"page\">\n\t\t\t\t\t\t<section class=\"elementor-section elementor-top-section elementor-element elementor-element-218c919d elementor-section-height-min-height elementor-section-boxed elementor-section-height-default elementor-section-items-middle\" data-id=\"218c919d\" data-element_type=\"section\" data-e-type=\"section\" data-settings=\"{&quot;jet_parallax_layout_list&quot;:[],&quot;background_background&quot;:&quot;video&quot;,&quot;background_video_link&quot;:&quot;https:\\\/\\\/www.youtube.com\\\/watch?v=2TdSQ_WUf9w&quot;}\">\n\t\t\t\t\t\t\t\t<div class=\"elementor-background-video-container elementor-hidden-mobile\">\n\t\t\t\t\t\t\t\t\t\t\t\t\t<div class=\"elementor-background-video-embed\" role=\"presentation\"><\/div>\n\t\t\t\t\t\t\t\t\t\t\t\t<\/div>\n\t\t\t\t\t\t\t\t\t<div class=\"elementor-background-overlay\"><\/div>\n\t\t\t\t\t\t\t<div class=\"elementor-container elementor-column-gap-default\">\n\t\t\t\t\t<div class=\"elementor-column elementor-col-100 elementor-top-column elementor-element elementor-element-27932eb6\" data-id=\"27932eb6\" data-element_type=\"column\" data-e-type=\"column\">\n\t\t\t<div class=\"elementor-widget-wrap\">\n\t\t\t\t\t\t\t<\/div>\n\t\t<\/div>\n\t\t\t\t\t<\/div>\n\t\t<\/section>\n\t\t\t\t<section class=\"elementor-section elementor-top-section elementor-element elementor-element-7ff67b86 seccion elementor-section-boxed elementor-section-height-default elementor-section-height-default\" data-id=\"7ff67b86\" data-element_type=\"section\" data-e-type=\"section\" data-settings=\"{&quot;jet_parallax_layout_list&quot;:[]}\">\n\t\t\t\t\t\t<div class=\"elementor-container elementor-column-gap-default\">\n\t\t\t\t\t<div class=\"elementor-column elementor-col-100 elementor-top-column elementor-element elementor-element-756d7596\" data-id=\"756d7596\" data-element_type=\"column\" data-e-type=\"column\">\n\t\t\t<div class=\"elementor-widget-wrap elementor-element-populated\">\n\t\t\t\t\t\t<section class=\"elementor-section elementor-inner-section elementor-element elementor-element-7dad0b1b elementor-section-height-min-height elementor-reverse-mobile elementor-reverse-tablet cajaSombraRound elementor-section-boxed elementor-section-height-default\" data-id=\"7dad0b1b\" data-element_type=\"section\" data-e-type=\"section\" data-settings=\"{&quot;jet_parallax_layout_list&quot;:[]}\">\n\t\t\t\t\t\t<div class=\"elementor-container elementor-column-gap-default\">\n\t\t\t\t\t<div class=\"elementor-column elementor-col-100 elementor-inner-column elementor-element elementor-element-33224448\" data-id=\"33224448\" data-element_type=\"column\" data-e-type=\"column\" data-settings=\"{&quot;background_background&quot;:&quot;classic&quot;}\">\n\t\t\t<div class=\"elementor-widget-wrap elementor-element-populated\">\n\t\t\t\t\t\t<div class=\"elementor-element elementor-element-3476f6e3 elementor-widget elementor-widget-heading\" data-id=\"3476f6e3\" data-element_type=\"widget\" data-e-type=\"widget\" data-widget_type=\"heading.default\">\n\t\t\t\t<div class=\"elementor-widget-container\">\n\t\t\t\t\t<h1 class=\"elementor-heading-title elementor-size-default\">Pol\u00edtica de cookies<\/h1>\t\t\t\t<\/div>\n\t\t\t\t<\/div>\n\t\t\t\t<div class=\"elementor-element elementor-element-51779d56 elementor-widget elementor-widget-text-editor\" data-id=\"51779d56\" data-element_type=\"widget\" data-e-type=\"widget\" data-widget_type=\"text-editor.default\">\n\t\t\t\t<div class=\"elementor-widget-container\">\n\t\t\t\t\t\t\t\t\tUna Cookie \u00e9s un fitxer que es descarrega en el seu ordinador en accedir a determinades p\u00e0gines web. Les cookies permeten a una p\u00e0gina web, entre altres coses, emmagatzemar i recuperar informaci\u00f3 sobre els h\u00e0bits de navegaci\u00f3 d&#8217;un usuari o del seu equip i, depenent de la informaci\u00f3 que continga i de la forma en qu\u00e8 utilitze el seu equip, poden utilitzar-se per a recon\u00e9ixer a l&#8217;usuari.\r\n\r\nLes cookies s\u00f3n essencials per al funcionament d&#8217;internet, aportant innombrables avantatges en la prestaci\u00f3 de serveis interactius, facilitant-li la navegaci\u00f3 i usabilitat de la nostra web.\r\n\r\nCIRCUIT DEL MOTOR I PROMOCION ESPORTIVA SA informa l&#8217;usuari que t\u00e9 la possibilitat de configurar el seu navegador de manera que se l&#8217;informe de la recepci\u00f3 de cookies, podent, si aix\u00ed ho desitja, impedir que siguen instal\u00b7lades en el seu disc dur.\r\n\r\nA continuaci\u00f3 li proporcionem els enlla\u00e7os de diversos navegadors, a trav\u00e9s dels quals podr\u00e0 realitzar aquesta configuraci\u00f3:\r\n\r\nFirefox des d&#8217;ac\u00ed: http:\/\/support.mozilla.org\/es\/kb\/habilitar-y-deshabilitar -cookies-que-els llocs-*we\r\n\r\nChrome des d&#8217;ac\u00ed: http:\/\/support.google.com\/chrome\/bin\/answer.py?hl=es&amp;answer=95647\r\n\r\nExplorer des d&#8217;ac\u00ed: http:\/\/windows.microsoft.com\/es-es\/internet-explorer\/delete \u2013 *manage cookies#*ie=*ie-10\r\n\r\nSafari des d&#8217;ac\u00ed: https:\/\/support.apple.com\/kb\/ph17191?locale=es_es\r\n\r\nOpera des d&#8217;ac\u00ed: http:\/\/help.opera.com\/windows\/11.50\/es-es\/cookies.html\t\t\t\t\t\t\t\t<\/div>\n\t\t\t\t<\/div>\n\t\t\t\t\t<\/div>\n\t\t<\/div>\n\t\t\t\t\t<\/div>\n\t\t<\/section>\n\t\t\t\t\t<\/div>\n\t\t<\/div>\n\t\t\t\t\t<\/div>\n\t\t<\/section>\n\t\t\t\t<\/div>\n\t\t","protected":false},"excerpt":{"rendered":"<p>Pol\u00edtica de cookies Una Cookie \u00e9s un fitxer que es descarrega en el seu ordinador en accedir a determinades p\u00e0gines web. Les cookies permeten a una p\u00e0gina web, entre altres coses, emmagatzemar i recuperar informaci\u00f3 sobre els h\u00e0bits de navegaci\u00f3 d&#8217;un usuari o del seu equip i, depenent de la informaci\u00f3 que continga i de [&hellip;]<\/p>\n","protected":false},"author":1,"featured_media":0,"parent":0,"menu_order":0,"comment_status":"closed","ping_status":"closed","template":"elementor_header_footer","meta":{"_acf_changed":false,"footnotes":""},"class_list":["post-21078","page","type-page","status-publish","hentry"],"acf":[],"_links":{"self":[{"href":"https:\/\/www.circuitricardotormo.com\/ca\/wp-json\/wp\/v2\/pages\/21078","targetHints":{"allow":["GET"]}}],"collection":[{"href":"https:\/\/www.circuitricardotormo.com\/ca\/wp-json\/wp\/v2\/pages"}],"about":[{"href":"https:\/\/www.circuitricardotormo.com\/ca\/wp-json\/wp\/v2\/types\/page"}],"author":[{"embeddable":true,"href":"https:\/\/www.circuitricardotormo.com\/ca\/wp-json\/wp\/v2\/users\/1"}],"replies":[{"embeddable":true,"href":"https:\/\/www.circuitricardotormo.com\/ca\/wp-json\/wp\/v2\/comments?post=21078"}],"version-history":[{"count":0,"href":"https:\/\/www.circuitricardotormo.com\/ca\/wp-json\/wp\/v2\/pages\/21078\/revisions"}],"wp:attachment":[{"href":"https:\/\/www.circuitricardotormo.com\/ca\/wp-json\/wp\/v2\/media?parent=21078"}],"curies":[{"name":"wp","href":"https:\/\/api.w.org\/{rel}","templated":true}]}}