{"id":21572,"date":"2022-07-21T10:35:10","date_gmt":"2022-07-21T10:35:10","guid":{"rendered":"https:\/\/www.circuitricardotormo.com\/escoles\/escola-de-seguretat-viaria\/"},"modified":"2022-07-28T13:46:39","modified_gmt":"2022-07-28T13:46:39","slug":"escola-de-seguretat-viaria","status":"publish","type":"page","link":"https:\/\/www.circuitricardotormo.com\/ca\/escoles\/escola-de-seguretat-viaria\/","title":{"rendered":"Escola de seguretat vi\u00e0ria"},"content":{"rendered":"\t\t<div data-elementor-type=\"wp-page\" data-elementor-id=\"21572\" class=\"elementor elementor-21572 elementor-21538\" data-elementor-post-type=\"page\">\n\t\t\t\t\t\t<section class=\"elementor-section elementor-top-section elementor-element elementor-element-87e150e elementor-section-height-min-height elementor-section-boxed elementor-section-height-default elementor-section-items-middle\" data-id=\"87e150e\" data-element_type=\"section\" data-settings=\"{&quot;jet_parallax_layout_list&quot;:[],&quot;background_background&quot;:&quot;video&quot;,&quot;background_video_link&quot;:&quot;https:\\\/\\\/www.youtube.com\\\/watch?v=F3uZK76FEkA&quot;,&quot;background_video_start&quot;:3,&quot;background_play_on_mobile&quot;:&quot;yes&quot;,&quot;background_privacy_mode&quot;:&quot;yes&quot;}\">\n\t\t\t\t\t\t\t\t<div class=\"elementor-background-video-container\" aria-hidden=\"true\">\n\t\t\t\t\t\t\t\t\t\t\t\t\t<div class=\"elementor-background-video-embed\"><\/div>\n\t\t\t\t\t\t\t\t\t\t\t\t<\/div>\n\t\t\t\t\t\t\t\t<div class=\"elementor-container elementor-column-gap-default\">\n\t\t\t\t\t<div class=\"elementor-column elementor-col-100 elementor-top-column elementor-element elementor-element-117c445\" data-id=\"117c445\" data-element_type=\"column\">\n\t\t\t<div class=\"elementor-widget-wrap\">\n\t\t\t\t\t\t\t<\/div>\n\t\t<\/div>\n\t\t\t\t\t<\/div>\n\t\t<\/section>\n\t\t\t\t<section class=\"elementor-section elementor-top-section elementor-element elementor-element-d8b9ec4 seccion elementor-section-boxed elementor-section-height-default elementor-section-height-default\" data-id=\"d8b9ec4\" data-element_type=\"section\" data-settings=\"{&quot;jet_parallax_layout_list&quot;:[]}\">\n\t\t\t\t\t\t<div class=\"elementor-container elementor-column-gap-default\">\n\t\t\t\t\t<div class=\"elementor-column elementor-col-100 elementor-top-column elementor-element elementor-element-9ae2bb5\" data-id=\"9ae2bb5\" data-element_type=\"column\">\n\t\t\t<div class=\"elementor-widget-wrap elementor-element-populated\">\n\t\t\t\t\t\t<section class=\"elementor-section elementor-inner-section elementor-element elementor-element-8ab43d9 elementor-section-height-min-height elementor-reverse-mobile elementor-reverse-tablet cajaSombraRound elementor-section-boxed elementor-section-height-default\" data-id=\"8ab43d9\" data-element_type=\"section\" data-settings=\"{&quot;jet_parallax_layout_list&quot;:[]}\">\n\t\t\t\t\t\t<div class=\"elementor-container elementor-column-gap-default\">\n\t\t\t\t\t<div class=\"elementor-column elementor-col-50 elementor-inner-column elementor-element elementor-element-39dfe05\" data-id=\"39dfe05\" data-element_type=\"column\" data-settings=\"{&quot;background_background&quot;:&quot;classic&quot;}\">\n\t\t\t<div class=\"elementor-widget-wrap elementor-element-populated\">\n\t\t\t\t\t\t<div class=\"elementor-element elementor-element-2e7c033 elementor-widget elementor-widget-heading\" data-id=\"2e7c033\" data-element_type=\"widget\" data-widget_type=\"heading.default\">\n\t\t\t\t<div class=\"elementor-widget-container\">\n\t\t\t\t\t<h1 class=\"elementor-heading-title elementor-size-default\">Escola de seguretat vi\u00e0ria<\/h1>\t\t\t\t<\/div>\n\t\t\t\t<\/div>\n\t\t\t\t<div class=\"elementor-element elementor-element-fb8bedd elementor-widget elementor-widget-heading\" data-id=\"fb8bedd\" data-element_type=\"widget\" data-widget_type=\"heading.default\">\n\t\t\t\t<div class=\"elementor-widget-container\">\n\t\t\t\t\t<h2 class=\"elementor-heading-title elementor-size-default\">L'Escola de Seguretat Vi\u00e0ria del Circuit Ricardo Tormo neix amb l'objectiu d'educar els m\u00e9s petits en mat\u00e8ria de seguretat vi\u00e0ria des d'unes instal\u00b7lacions ubicades en una zona emblem\u00e0tica com \u00e9s el tra\u00e7at mundialista valenci\u00e0. L'Escola de Seguretat Vi\u00e0ria fa anys que forma alumnes amb la finalitat que aquests, en el futur, siguin conductors responsables i compromesos amb la seguretat vi\u00e0ria.<\/h2>\t\t\t\t<\/div>\n\t\t\t\t<\/div>\n\t\t\t\t\t<\/div>\n\t\t<\/div>\n\t\t\t\t<div class=\"elementor-column elementor-col-50 elementor-inner-column elementor-element elementor-element-e408f26\" data-id=\"e408f26\" data-element_type=\"column\" data-settings=\"{&quot;background_background&quot;:&quot;classic&quot;}\">\n\t\t\t<div class=\"elementor-widget-wrap elementor-element-populated\">\n\t\t\t\t\t\t<div class=\"elementor-element elementor-element-eb622de elementor-widget elementor-widget-spacer\" data-id=\"eb622de\" data-element_type=\"widget\" data-widget_type=\"spacer.default\">\n\t\t\t\t<div class=\"elementor-widget-container\">\n\t\t\t\t\t\t\t<div class=\"elementor-spacer\">\n\t\t\t<div class=\"elementor-spacer-inner\"><\/div>\n\t\t<\/div>\n\t\t\t\t\t\t<\/div>\n\t\t\t\t<\/div>\n\t\t\t\t\t<\/div>\n\t\t<\/div>\n\t\t\t\t\t<\/div>\n\t\t<\/section>\n\t\t\t\t\t<\/div>\n\t\t<\/div>\n\t\t\t\t\t<\/div>\n\t\t<\/section>\n\t\t\t\t<section class=\"elementor-section elementor-top-section elementor-element elementor-element-2f4a1a7 seccion elementor-section-boxed elementor-section-height-default elementor-section-height-default\" data-id=\"2f4a1a7\" data-element_type=\"section\" data-settings=\"{&quot;jet_parallax_layout_list&quot;:[]}\">\n\t\t\t\t\t\t<div class=\"elementor-container elementor-column-gap-default\">\n\t\t\t\t\t<div class=\"elementor-column elementor-col-100 elementor-top-column elementor-element elementor-element-645b6b8\" data-id=\"645b6b8\" data-element_type=\"column\">\n\t\t\t<div class=\"elementor-widget-wrap elementor-element-populated\">\n\t\t\t\t\t\t<div class=\"elementor-element elementor-element-024d5e1 elementor-widget elementor-widget-text-editor\" data-id=\"024d5e1\" data-element_type=\"widget\" data-widget_type=\"text-editor.default\">\n\t\t\t\t<div class=\"elementor-widget-container\">\n\t\t\t\t\t\t\t\t\tA la\u00a0<strong>Escola de Seguretat Vi\u00e0ria<\/strong>, es persegueix la formaci\u00f3 del comportament de la ciutadania com a usuari de la via p\u00fablica, ja sigui com a vianant, ciclista, conductor o viatger. \u00c9s un proc\u00e9s que cal fomentar entre els m\u00e9s petits, que seran els qui formaran part de la societat i d&#8217;un mateix espai.\r\n\r\nA m\u00e9s, es pret\u00e9n sensibilitzar els usuaris sobre la import\u00e0ncia de la prevenci\u00f3 i la necessitat d&#8217;una mobilitat segura, fomentar h\u00e0bits responsables, millorar valors de companyonia, respecte, treball en equip i realitzar una acci\u00f3 social, educativa i pedag\u00f2gica per assolir m\u00e9s nivells de seguretat vi\u00e0ria i m\u00e9s conscienciaci\u00f3 del ciutad\u00e0.\t\t\t\t\t\t\t\t<\/div>\n\t\t\t\t<\/div>\n\t\t\t\t<section class=\"elementor-section elementor-inner-section elementor-element elementor-element-56dfac8 elementor-section-boxed elementor-section-height-default elementor-section-height-default\" data-id=\"56dfac8\" data-element_type=\"section\" data-settings=\"{&quot;jet_parallax_layout_list&quot;:[]}\">\n\t\t\t\t\t\t<div class=\"elementor-container elementor-column-gap-default\">\n\t\t\t\t\t<div class=\"elementor-column elementor-col-50 elementor-inner-column elementor-element elementor-element-1a1d284\" data-id=\"1a1d284\" data-element_type=\"column\">\n\t\t\t<div class=\"elementor-widget-wrap elementor-element-populated\">\n\t\t\t\t\t\t<div class=\"elementor-element elementor-element-3ffa715 elementor-align-center button-49 elementor-widget elementor-widget-raven-button\" data-id=\"3ffa715\" data-element_type=\"widget\" data-settings=\"{&quot;turn_to_popup_action_button&quot;:&quot;no&quot;}\" data-widget_type=\"raven-button.default\">\n\t\t\t\t<div class=\"elementor-widget-container\">\n\t\t\t\t\t\t\t<div class=\"raven-widget-wrapper\">\n\t\t\t<a class=\"raven-button raven-button-widget-normal-effect-none  raven-button-text-align-center raven-button-link elementor-animation-none\" href=\"\/wp-content\/uploads\/2022\/07\/Escuela-Seguridad-Vial_Pliego.pdf\" target=\"_blank\">\t\t\t\t<div class=\"raven-button-overlay\" ><\/div>\n\t\t\t\t<span class=\"raven-button-content\">\n\t\t\t\t\t\n\t\t\t\t\t<div class=\"button-text-container\">\n\t\t\t\t\t\t\t\t\t\t\t\t<div class=\"raven-button-texts-wrapper\">\n\t\t\t\t\t\t\t<div class=\"button-text\">\n\t\t\t\t\t\t\t\t<span class=\"raven-button-text\">\n\t\t\t\t\t\t\t\t\tDescarrega aqu\u00ed el dossier de l'Escola de Seguretat Vi\u00e0ria\t\t\t\t\t\t\t\t<\/span>\n\t\t\t\t\t\t\t<\/div>\n\t\t\t\t\t\t\t\t\t\t\t\t\t<\/div>\n\t\t\t\t\t\t\t\t\t\t\t<\/div>\n\t\t\t\t\t\n\t\t\t\t\t\t\t\t\t<\/span>\n\t\t\t<\/a>\t\t<\/div>\n\t\t\t\t\t\t<\/div>\n\t\t\t\t<\/div>\n\t\t\t\t\t<\/div>\n\t\t<\/div>\n\t\t\t\t<div class=\"elementor-column elementor-col-50 elementor-inner-column elementor-element elementor-element-cd31f30\" data-id=\"cd31f30\" data-element_type=\"column\">\n\t\t\t<div class=\"elementor-widget-wrap elementor-element-populated\">\n\t\t\t\t\t\t<div class=\"elementor-element elementor-element-4268915 elementor-align-center button-49 elementor-widget elementor-widget-raven-button\" data-id=\"4268915\" data-element_type=\"widget\" data-settings=\"{&quot;turn_to_popup_action_button&quot;:&quot;no&quot;}\" data-widget_type=\"raven-button.default\">\n\t\t\t\t<div class=\"elementor-widget-container\">\n\t\t\t\t\t\t\t<div class=\"raven-widget-wrapper\">\n\t\t\t<a class=\"raven-button raven-button-widget-normal-effect-none  raven-button-text-align-center raven-button-link elementor-animation-none\" href=\"\/wp-content\/uploads\/2022\/07\/COLLAGE-comprimido.pdf\" target=\"_blank\">\t\t\t\t<div class=\"raven-button-overlay\" ><\/div>\n\t\t\t\t<span class=\"raven-button-content\">\n\t\t\t\t\t\n\t\t\t\t\t<div class=\"button-text-container\">\n\t\t\t\t\t\t\t\t\t\t\t\t<div class=\"raven-button-texts-wrapper\">\n\t\t\t\t\t\t\t<div class=\"button-text\">\n\t\t\t\t\t\t\t\t<span class=\"raven-button-text\">\n\t\t\t\t\t\t\t\t\tDescarrega aqu\u00ed l'\u00c0lbum de Fotos de l'Escola\t\t\t\t\t\t\t\t<\/span>\n\t\t\t\t\t\t\t<\/div>\n\t\t\t\t\t\t\t\t\t\t\t\t\t<\/div>\n\t\t\t\t\t\t\t\t\t\t\t<\/div>\n\t\t\t\t\t\n\t\t\t\t\t\t\t\t\t<\/span>\n\t\t\t<\/a>\t\t<\/div>\n\t\t\t\t\t\t<\/div>\n\t\t\t\t<\/div>\n\t\t\t\t\t<\/div>\n\t\t<\/div>\n\t\t\t\t\t<\/div>\n\t\t<\/section>\n\t\t\t\t\t<\/div>\n\t\t<\/div>\n\t\t\t\t\t<\/div>\n\t\t<\/section>\n\t\t\t\t<section class=\"elementor-section elementor-top-section elementor-element elementor-element-2d18936 seccion elementor-section-boxed elementor-section-height-default elementor-section-height-default\" data-id=\"2d18936\" data-element_type=\"section\" data-settings=\"{&quot;jet_parallax_layout_list&quot;:[]}\">\n\t\t\t\t\t\t<div class=\"elementor-container elementor-column-gap-default\">\n\t\t\t\t\t<div class=\"elementor-column elementor-col-100 elementor-top-column elementor-element elementor-element-bbabee1\" data-id=\"bbabee1\" data-element_type=\"column\">\n\t\t\t<div class=\"elementor-widget-wrap elementor-element-populated\">\n\t\t\t\t\t\t<div class=\"elementor-element elementor-element-6758f60 elementor-widget elementor-widget-video\" data-id=\"6758f60\" data-element_type=\"widget\" data-settings=\"{&quot;youtube_url&quot;:&quot;https:\\\/\\\/www.youtube.com\\\/watch?v=0LfNMT8fJzc&quot;,&quot;video_type&quot;:&quot;youtube&quot;,&quot;controls&quot;:&quot;yes&quot;}\" data-widget_type=\"video.default\">\n\t\t\t\t<div class=\"elementor-widget-container\">\n\t\t\t\t\t\t\t<div class=\"elementor-wrapper elementor-open-inline\">\n\t\t\t<div class=\"elementor-video\"><\/div>\t\t<\/div>\n\t\t\t\t\t\t<\/div>\n\t\t\t\t<\/div>\n\t\t\t\t\t<\/div>\n\t\t<\/div>\n\t\t\t\t\t<\/div>\n\t\t<\/section>\n\t\t\t\t<section class=\"elementor-section elementor-top-section elementor-element elementor-element-8c99bc6 seccion elementor-section-boxed elementor-section-height-default elementor-section-height-default\" data-id=\"8c99bc6\" data-element_type=\"section\" data-settings=\"{&quot;jet_parallax_layout_list&quot;:[]}\">\n\t\t\t\t\t\t<div class=\"elementor-container elementor-column-gap-default\">\n\t\t\t\t\t<div class=\"elementor-column elementor-col-100 elementor-top-column elementor-element elementor-element-1f30bf2\" data-id=\"1f30bf2\" data-element_type=\"column\">\n\t\t\t<div class=\"elementor-widget-wrap elementor-element-populated\">\n\t\t\t\t\t\t<div class=\"elementor-element elementor-element-bbc0fc1 elementor-tabs-view-vertical elementor-widget elementor-widget-tabs\" data-id=\"bbc0fc1\" data-element_type=\"widget\" data-widget_type=\"tabs.default\">\n\t\t\t\t<div class=\"elementor-widget-container\">\n\t\t\t\t\t\t\t<div class=\"elementor-tabs\">\n\t\t\t<div class=\"elementor-tabs-wrapper\" role=\"tablist\" >\n\t\t\t\t\t\t\t\t\t<div id=\"elementor-tab-title-1961\" class=\"elementor-tab-title elementor-tab-desktop-title\" aria-selected=\"true\" data-tab=\"1\" role=\"tab\" tabindex=\"0\" aria-controls=\"elementor-tab-content-1961\" aria-expanded=\"false\">Objectius<\/div>\n\t\t\t\t\t\t\t\t\t<div id=\"elementor-tab-title-1962\" class=\"elementor-tab-title elementor-tab-desktop-title\" aria-selected=\"false\" data-tab=\"2\" role=\"tab\" tabindex=\"-1\" aria-controls=\"elementor-tab-content-1962\" aria-expanded=\"false\">Destinataris<\/div>\n\t\t\t\t\t\t\t\t\t<div id=\"elementor-tab-title-1963\" class=\"elementor-tab-title elementor-tab-desktop-title\" aria-selected=\"false\" data-tab=\"3\" role=\"tab\" tabindex=\"-1\" aria-controls=\"elementor-tab-content-1963\" aria-expanded=\"false\">Continguts<\/div>\n\t\t\t\t\t\t\t\t\t<div id=\"elementor-tab-title-1964\" class=\"elementor-tab-title elementor-tab-desktop-title\" aria-selected=\"false\" data-tab=\"4\" role=\"tab\" tabindex=\"-1\" aria-controls=\"elementor-tab-content-1964\" aria-expanded=\"false\">Professors<\/div>\n\t\t\t\t\t\t\t\t\t<div id=\"elementor-tab-title-1965\" class=\"elementor-tab-title elementor-tab-desktop-title\" aria-selected=\"false\" data-tab=\"5\" role=\"tab\" tabindex=\"-1\" aria-controls=\"elementor-tab-content-1965\" aria-expanded=\"false\">Instal\u00b7lacions<\/div>\n\t\t\t\t\t\t\t\t\t<div id=\"elementor-tab-title-1966\" class=\"elementor-tab-title elementor-tab-desktop-title\" aria-selected=\"false\" data-tab=\"6\" role=\"tab\" tabindex=\"-1\" aria-controls=\"elementor-tab-content-1966\" aria-expanded=\"false\">Caracter\u00edstiques<\/div>\n\t\t\t\t\t\t\t\t\t<div id=\"elementor-tab-title-1967\" class=\"elementor-tab-title elementor-tab-desktop-title\" aria-selected=\"false\" data-tab=\"7\" role=\"tab\" tabindex=\"-1\" aria-controls=\"elementor-tab-content-1967\" aria-expanded=\"false\">Programa formatiu<\/div>\n\t\t\t\t\t\t\t<\/div>\n\t\t\t<div class=\"elementor-tabs-content-wrapper\" role=\"tablist\" aria-orientation=\"vertical\">\n\t\t\t\t\t\t\t\t\t<div class=\"elementor-tab-title elementor-tab-mobile-title\" aria-selected=\"true\" data-tab=\"1\" role=\"tab\" tabindex=\"0\" aria-controls=\"elementor-tab-content-1961\" aria-expanded=\"false\">Objectius<\/div>\n\t\t\t\t\t<div id=\"elementor-tab-content-1961\" class=\"elementor-tab-content elementor-clearfix\" data-tab=\"1\" role=\"tabpanel\" aria-labelledby=\"elementor-tab-title-1961\" tabindex=\"0\" hidden=\"false\">El comprom\u00eds en mat\u00e8ria de Seguretat Vi\u00e0ria que servir\u00e0 de base per al desenvolupament del programa<strong> d&#8217;Educaci\u00f3 en Seguretat Vi\u00e0ria<\/strong>, \u00e9s el seg\u00fcent:\r\n<ul>\r\n \t<li>Vetllar per la seguretat i el comportament responsable dels usuaris.<\/li>\r\n \t<li>Preparar els futurs vianants, viatges i conductors de vehicles.<\/li>\r\n \t<li>Informar i utilitzar els mitjans adequats per millorar la seguretat vi\u00e0ria.<\/li>\r\n<\/ul>\r\nRespectar les normes de circulaci\u00f3, per a un \u00fas ordenat i segur de les vies.<\/div>\n\t\t\t\t\t\t\t\t\t<div class=\"elementor-tab-title elementor-tab-mobile-title\" aria-selected=\"false\" data-tab=\"2\" role=\"tab\" tabindex=\"-1\" aria-controls=\"elementor-tab-content-1962\" aria-expanded=\"false\">Destinataris<\/div>\n\t\t\t\t\t<div id=\"elementor-tab-content-1962\" class=\"elementor-tab-content elementor-clearfix\" data-tab=\"2\" role=\"tabpanel\" aria-labelledby=\"elementor-tab-title-1962\" tabindex=\"0\" hidden=\"hidden\"><ul>\r\n \t<li>Alumnat d&#8217;educaci\u00f3 infantil: fins a 6 anys.<\/li>\r\n \t<li>Alumnat d&#8217;educaci\u00f3 prim\u00e0ria: des dels 6 als 12 anys.<\/li>\r\n \t<li>Alumnat d&#8217;educaci\u00f3 secund\u00e0ria: des dels 12 als 16 anys.<\/li>\r\n<\/ul><\/div>\n\t\t\t\t\t\t\t\t\t<div class=\"elementor-tab-title elementor-tab-mobile-title\" aria-selected=\"false\" data-tab=\"3\" role=\"tab\" tabindex=\"-1\" aria-controls=\"elementor-tab-content-1963\" aria-expanded=\"false\">Continguts<\/div>\n\t\t\t\t\t<div id=\"elementor-tab-content-1963\" class=\"elementor-tab-content elementor-clearfix\" data-tab=\"3\" role=\"tabpanel\" aria-labelledby=\"elementor-tab-title-1963\" tabindex=\"0\" hidden=\"hidden\">Els continguts del programa es treballen d&#8217;acord amb la conducta vial que desenvolupen els alumnes segons l&#8217;edat.\r\n<ul>\r\n \t<li>Tipus d&#8217;usuari:\u00a0<strong>Peat\u00f3<\/strong>\r\n<ul>\r\n \t<li>Parts de la via p\u00fablica.<\/li>\r\n \t<li>Tipus de vehicles al tr\u00e0nsit.<\/li>\r\n \t<li>Normes b\u00e0siques de circulaci\u00f3.<\/li>\r\n<\/ul>\r\n<\/li>\r\n \t<li>Tipus d&#8217;usuari:\u00a0<strong>Viatger<\/strong>\r\n<ul>\r\n \t<li>Seguretat en el transport escolar i p\u00fablic.<\/li>\r\n \t<li>Seguretat al vehicle familiar.<\/li>\r\n \t<li>Comportament als despla\u00e7aments.<\/li>\r\n<\/ul>\r\n<\/li>\r\n \t<li>Tipus d&#8217;usuari:\u00a0<strong>Conductor de bicicleta<\/strong>\r\n<ul>\r\n \t<li>Normes i senyals.<\/li>\r\n \t<li>Elements de seguretat.<\/li>\r\n \t<li>Normes b\u00e0siques de circulaci\u00f3.<\/li>\r\n<\/ul>\r\n<\/li>\r\n \t<li>Tipus d&#8217;usuari:\u00a0<strong>Conductor de ciclomotor<\/strong>\r\n<ul>\r\n \t<li>Normes i senyals.<\/li>\r\n \t<li>Elements de seguretat.<\/li>\r\n \t<li>Normes b\u00e0siques de circulaci\u00f3.<\/li>\r\n \t<li>Accidents de tr\u00e0nsit: causes i conseq\u00fc\u00e8ncies.<\/li>\r\n<\/ul>\r\n<\/li>\r\n<\/ul><\/div>\n\t\t\t\t\t\t\t\t\t<div class=\"elementor-tab-title elementor-tab-mobile-title\" aria-selected=\"false\" data-tab=\"4\" role=\"tab\" tabindex=\"-1\" aria-controls=\"elementor-tab-content-1964\" aria-expanded=\"false\">Professors<\/div>\n\t\t\t\t\t<div id=\"elementor-tab-content-1964\" class=\"elementor-tab-content elementor-clearfix\" data-tab=\"4\" role=\"tabpanel\" aria-labelledby=\"elementor-tab-title-1964\" tabindex=\"0\" hidden=\"hidden\">L&#8217;equip docent encarregat de transmetre els coneixements i dinamitzar les activitats, aix\u00ed com estimular actituds positives i motivar l&#8217;alumnat est\u00e0 format per professors de formaci\u00f3 vi\u00e0ria de <strong>AVAE Escola de Conductors<\/strong>\u00a0i per monitors especialitzats en Educaci\u00f3 Vi\u00e0ria de\u00a0&lt; strong&gt;L&#8217;Esbarjo Oci Educatiu com a personal de suport.<\/div>\n\t\t\t\t\t\t\t\t\t<div class=\"elementor-tab-title elementor-tab-mobile-title\" aria-selected=\"false\" data-tab=\"5\" role=\"tab\" tabindex=\"-1\" aria-controls=\"elementor-tab-content-1965\" aria-expanded=\"false\">Instal\u00b7lacions<\/div>\n\t\t\t\t\t<div id=\"elementor-tab-content-1965\" class=\"elementor-tab-content elementor-clearfix\" data-tab=\"5\" role=\"tabpanel\" aria-labelledby=\"elementor-tab-title-1965\" tabindex=\"0\" hidden=\"hidden\">El <strong>Circuit<\/strong> compta amb unes \u00e0mplies i ben distribu\u00efdes instal\u00b7lacions, on els escolars podr\u00e0s aprendre a circular a trav\u00e9s de creus regulades per senyals verticals i sem\u00e0fors, carrers d&#8217;\u00fanic i de doble sentit de circulaci\u00f3, glorietes, passos de vianants, voreres i altres tipus d&#8217;elements i senyalitzaci\u00f3. Aquestes s\u00f3n, entre d&#8217;altres, les situacions que trobareu en el proc\u00e9s d&#8217;aprenentatge vi\u00e0ria.<\/div>\n\t\t\t\t\t\t\t\t\t<div class=\"elementor-tab-title elementor-tab-mobile-title\" aria-selected=\"false\" data-tab=\"6\" role=\"tab\" tabindex=\"-1\" aria-controls=\"elementor-tab-content-1966\" aria-expanded=\"false\">Caracter\u00edstiques<\/div>\n\t\t\t\t\t<div id=\"elementor-tab-content-1966\" class=\"elementor-tab-content elementor-clearfix\" data-tab=\"6\" role=\"tabpanel\" aria-labelledby=\"elementor-tab-title-1966\" tabindex=\"0\" hidden=\"hidden\">Els principals avantatges que oferim a trav\u00e9s del desenvolupament d&#8217;aquest programa d&#8217;educaci\u00f3 i seguretat vi\u00e0ria s\u00f3n els seg\u00fcents:\r\n<ul>\r\n \t<li>Programa d&#8217;Educaci\u00f3 Vi\u00e0ria dissenyat per AVAE Escola de Conductors.<\/li>\r\n \t<li>Instal\u00b7lacions pr\u00f2pies del Circuit de la Comunitat Valenciana Ricardo Tormo.<\/li>\r\n \t<li>Vehicles adaptats a cada grup d&#8217;edat.<\/li>\r\n \t<li>Materials dissenyats per la DGT del portal d&#8217;Educaci\u00f3 Vi\u00e0ria.<\/li>\r\n \t<li>Aprenentatge progressiu en funci\u00f3 de l&#8217;edat.<\/li>\r\n<\/ul><\/div>\n\t\t\t\t\t\t\t\t\t<div class=\"elementor-tab-title elementor-tab-mobile-title\" aria-selected=\"false\" data-tab=\"7\" role=\"tab\" tabindex=\"-1\" aria-controls=\"elementor-tab-content-1967\" aria-expanded=\"false\">Programa formatiu<\/div>\n\t\t\t\t\t<div id=\"elementor-tab-content-1967\" class=\"elementor-tab-content elementor-clearfix\" data-tab=\"7\" role=\"tabpanel\" aria-labelledby=\"elementor-tab-title-1967\" tabindex=\"0\" hidden=\"hidden\">Les activitats que realitzem des de la Escola de Seguretat Vi\u00e0ria han estat dissenyades espec\u00edficament en funci\u00f3 dels grups d&#8217;edat dels nens i nenes segons el sistema educatiu, aconsellant l&#8217;acc\u00e9s progressiu a cada etapa.\r\n<table width=\"100%\">\r\n<tbody>\r\n<tr>\r\n<th colspan=\"2\">Educaci\u00f3 Infantil (0-6 anys)<\/th>\r\n<\/tr>\r\n<tr>\r\n<td colspan=\"2\">Etapes 1 i 2: Seguretat Vi\u00e0ria Infantil<\/td>\r\n<\/tr>\r\n<tr>\r\n<td><strong>Primer Cicle: 0-3 anys<\/strong>\r\n\r\nActivitat 1: Protecci\u00f3 a la jungla de tr\u00e0nsit<\/td>\r\n<td><strong>Segon Cicle: 3-6 anys<\/strong>\r\n\r\nActivitat 2: El tr\u00e0nsit a trav\u00e9s dels sentits<\/td>\r\n<\/tr>\r\n<\/tbody>\r\n<\/table>\r\n<table width=\"718\">\r\n<tbody>\r\n<tr>\r\n<th colspan=\"3\">Educaci\u00f3 Prim\u00e0ria (6-12 anys)<\/th>\r\n<\/tr>\r\n<tr>\r\n<td colspan=\"3\">Etapes 3, 4 i 5: Seguretat Vi\u00e0ria Prim\u00e0ria<\/td>\r\n<\/tr>\r\n<tr>\r\n<td><strong>Primer Cicle: 6-8 anys<\/strong>\r\n\r\nActivitat 3: El vianant i la cru\u00eflla del carrer<\/td>\r\n<td><strong>Segon Cicle: 8-10 anys<\/strong>\r\n\r\nActivitat 4: El conductor del teu propi cos<\/td>\r\n<td><strong>Tercer Cicle: 10-12 anys<\/strong>\r\n\r\nActivitat 5: Conductor, atenci\u00f3 a la distracci\u00f3<\/td>\r\n<\/tr>\r\n<\/tbody>\r\n<\/table>\r\n<table width=\"718\">\r\n<tbody>\r\n<tr>\r\n<th colspan=\"2\">Educaci\u00f3 Secund\u00e0ria (12-16 anys)<\/th>\r\n<\/tr>\r\n<tr>\r\n<td colspan=\"2\">Etapes 6 i 7: Seguretat Vi\u00e0ria Secund\u00e0ria<\/td>\r\n<\/tr>\r\n<tr>\r\n<td><strong>Curs 1-2: 12-14 anys<\/strong>\r\n\r\nActivitat 6: Els nostres amics els conductors<\/td>\r\n<td><strong>Curs 3-4: 14-16 anys<\/strong>\r\n\r\nActivitat 7: Conseq\u00fc\u00e8ncies de les bogeries al tr\u00e0nsit<\/td>\r\n<\/tr>\r\n<\/tbody>\r\n<\/table><\/div>\n\t\t\t\t\t\t\t<\/div>\n\t\t<\/div>\n\t\t\t\t\t\t<\/div>\n\t\t\t\t<\/div>\n\t\t\t\t\t<\/div>\n\t\t<\/div>\n\t\t\t\t\t<\/div>\n\t\t<\/section>\n\t\t\t\t<\/div>\n\t\t","protected":false},"excerpt":{"rendered":"<p>Escola de seguretat vi\u00e0ria L&#8217;Escola de Seguretat Vi\u00e0ria del Circuit Ricardo Tormo neix amb l&#8217;objectiu d&#8217;educar els m\u00e9s petits en mat\u00e8ria de seguretat vi\u00e0ria des d&#8217;unes instal\u00b7lacions ubicades en una zona emblem\u00e0tica com \u00e9s el tra\u00e7at mundialista valenci\u00e0. L&#8217;Escola de Seguretat Vi\u00e0ria fa anys que forma alumnes amb la finalitat que aquests, en el futur, [&hellip;]<\/p>\n","protected":false},"author":1,"featured_media":0,"parent":20977,"menu_order":0,"comment_status":"closed","ping_status":"closed","template":"elementor_header_footer","meta":{"_acf_changed":false,"footnotes":""},"class_list":["post-21572","page","type-page","status-publish","hentry"],"acf":[],"_links":{"self":[{"href":"https:\/\/www.circuitricardotormo.com\/ca\/wp-json\/wp\/v2\/pages\/21572","targetHints":{"allow":["GET"]}}],"collection":[{"href":"https:\/\/www.circuitricardotormo.com\/ca\/wp-json\/wp\/v2\/pages"}],"about":[{"href":"https:\/\/www.circuitricardotormo.com\/ca\/wp-json\/wp\/v2\/types\/page"}],"author":[{"embeddable":true,"href":"https:\/\/www.circuitricardotormo.com\/ca\/wp-json\/wp\/v2\/users\/1"}],"replies":[{"embeddable":true,"href":"https:\/\/www.circuitricardotormo.com\/ca\/wp-json\/wp\/v2\/comments?post=21572"}],"version-history":[{"count":0,"href":"https:\/\/www.circuitricardotormo.com\/ca\/wp-json\/wp\/v2\/pages\/21572\/revisions"}],"up":[{"embeddable":true,"href":"https:\/\/www.circuitricardotormo.com\/ca\/wp-json\/wp\/v2\/pages\/20977"}],"wp:attachment":[{"href":"https:\/\/www.circuitricardotormo.com\/ca\/wp-json\/wp\/v2\/media?parent=21572"}],"curies":[{"name":"wp","href":"https:\/\/api.w.org\/{rel}","templated":true}]}}