{"id":21578,"date":"2022-07-26T14:52:38","date_gmt":"2022-07-26T12:52:38","guid":{"rendered":"https:\/\/www.circuitricardotormo.com\/transparencia\/"},"modified":"2022-07-28T11:33:04","modified_gmt":"2022-07-28T11:33:04","slug":"transparencia","status":"publish","type":"page","link":"https:\/\/www.circuitricardotormo.com\/ca\/transparencia\/","title":{"rendered":"Transpar\u00e8ncia"},"content":{"rendered":"<p>1.\u00a0\u00a0<strong>INFORMACI\u00d3 CORPORATIVA<\/strong><\/p>\n<p>1.1. <strong>Estructura Organitzativa<\/strong><\/p>\n<p>1.1.1. Dades b\u00e0siques<\/p>\n<p>\u00b7 \u00a0Circuit del Motor i Promoci\u00f3 Esportiva, S.A.<\/p>\n<p>\u00b7 \u00a0Normes de creaci\u00f3 i funcionament<\/p>\n<p>\u00b7 \u00a0<a href=\"\/contacte\/#dades\" target=\"_blank\" rel=\"noopener\">Seus i adreces: Circuit de la Comunitat Valenciana Ricardo Tormo. Ctra. N III. sortida 334. -46380 Cheste- Val\u00e8ncia<\/a><\/p>\n<p>\u00b7 \u00a0<a href=\"https:\/\/www.circuitricardotormo.com\/wp-content\/uploads\/2022\/07\/Instrucciones_contratacion_Circuit_20131.pdf\" target=\"_blank\" rel=\"nofollow noopener\">Instruccions i directrius<\/a><\/p>\n<p>1.2. <strong>Govern i organitzaci\u00f3.<\/strong><\/p>\n<p>1.2.1. \u00d2rgans de Govern, Direcci\u00f3 i Administraci\u00f3<\/p>\n<p>\u00b7 \u00a0<a href=\"http:\/\/www.gva.es\/va\/inicio\/la_administracion_valenciana\/lav_org_gobierno_val\" target=\"_blank\" rel=\"nofollow noopener\">Junta General d&#8217;Accionistes<\/a><\/p>\n<p>\u00b7 \u00a0Consell d&#8217;Administraci\u00f3<\/p>\n<p>\u00b7 \u00a0President: Hble. Sr. D.<a href=\"http:\/\/www.gvaoberta.gva.es\/ca\/ficha-alto-cargo?articleId=7845543\" target=\"_blank\" rel=\"nofollow noopener\">\u00a0Vicent Marz\u00e0,<\/a> Conseller d&#8217;Educaci\u00f3, investigaci\u00f3, Cultura i Esport.<\/p>\n<p>\u00b7 \u00a0Conseller: Il\u00b7lm. Sr. D.\u00a0<a href=\"http:\/\/www.gvaoberta.gva.es\/va\/ficha-alto-cargo?articleId=168361907\" target=\"_blank\" rel=\"nofollow noopener\">Raquel Tamarit<\/a >, S.A. Cultura i Esport<\/p>\n<p>\u00b7 \u00a0Consellera: Il\u00b7lm. Sr. D.\u00a0<a href=\"http:\/\/www.gvaoberta.gva.es\/va\/ficha-alto-cargo?articleId=168360748\" target=\"_blank\" rel=\"noopener\">Fracesc Gamero<\/a>, S.A. Hisenda<\/p>\n<p>\u00b7 \u00a0Conseller: Il\u00b7lm. Sr. D.<a href=\"http:\/\/www.gvaoberta.gva.es\/va\/ficha-alto-cargo?articleId=168398848\" target=\"_blank\" rel=\"nofollow noopener\">Eva Coscoll\u00e1<\/a >\u00a0Subsecret\u00e0ria Conselleria Educaci\u00f3, Cultura i Esport<\/p>\n<p>\u00b7 \u00a0Consellera: Il\u00b7lma. Sra. D\u00f1a.<a href=\"http:\/\/www.gvaoberta.gva.es\/es\/ficha-alto-cargo?articleId=167049728\" target=\"_blank\" rel=\"nofollow noopener\">\u00a0Isabel Castell\u00f3,<\/ a>\u00a0Directora General del Sector P\u00fablic, Model Econ\u00f2mic i Patrimoni<\/p>\n<p>\u00b7 \u00a0Conseller-apoderat: Il\u00b7lm. <a href=\"http:\/\/www.gvaoberta.gva.es\/ca\/ficha-alto-cargo?articleId=162126702\" target=\"_blank\" rel=\"nofollow noopener\">Sr. Sr. Josep Miquel Moya<\/a>, Director General de l&#8217;Esport<\/p>\n<p>1.2.2. Alts c\u00e0rrecs i assimilats. Director General<\/p>\n<p><a href=\"https:\/\/www.circuitricardotormo.com\/wp-content\/uploads\/2022\/07\/CV-Gonzalo-Gobert.pdf\" target=\"_blank\" rel=\"nofollow noopener\">Curriculum Vitae<\/a ><\/p>\n<p><a>Declaraci\u00f3 de B\u00e9ns i Drets Patrimonials<\/a><\/p>\n<p><a>Declaraci\u00f3 d&#8217;activitats<\/a><\/p>\n<p>Despeses de viatge<\/p>\n<p><a href=\"https:\/\/www.circuitricardotormo.com\/wp-content\/uploads\/2022\/07\/Gastos-Viaje-8-junio-2016-1.pdf\" target=\"_blank\" rel=\"noopener\"> Despeses Viatge 8 juny 2016<\/a><\/p>\n<p><a href=\"https:\/\/www.circuitricardotormo.com\/wp-content\/uploads\/2022\/07\/Gastos-Viaje-22-diciembre-2016.pdf\" target=\"_blank\" rel=\"noopener\">Despeses Viatge 22 desembre 2016<\/a><\/p>\n<p><a href=\"https:\/\/www.circuitricardotormo.com\/wp-content\/uploads\/2022\/07\/GASTOSVIAJESMARANELLOcastellano.pdf\" target=\"_blank\" rel=\"noopener\">Despeses Viatge 13 febrer 2017<\/a><\/p>\n<p><a href=\"https:\/\/www.circuitricardotormo.com\/wp-content\/uploads\/2022\/07\/SportsPro.pdf\" target=\"_blank\" rel=\"noopener\">Despeses Viatge 29 novembre 2017<\/a><\/p>\n<p><a href=\"https:\/\/www.circuitricardotormo.com\/wp-content\/uploads\/2022\/07\/HABASMEDIA.CAS_.pdf\" target=\"_blank\" rel=\"noopener\">Despeses Viatge 30 novembre 2017<\/a ><\/p>\n<p><a href=\"https:\/\/www.circuitricardotormo.com\/wp-content\/uploads\/2022\/07\/BARCELONA14DIC.CAS_.pdf\" target=\"_blank\" rel=\"noopener\">Despeses Viatge 14 desembre 2017<\/a ><\/p>\n<p><a href=\"https:\/\/www.circuitricardotormo.com\/wp-content\/uploads\/2022\/07\/MADRID19DIC.CAS_.pdf\" target=\"_blank\" rel=\"noopener\">Despeses Viatge 19 desembre 2017<\/a ><\/p>\n<p><a href=\"https:\/\/www.circuitricardotormo.com\/wp-content\/uploads\/2022\/07\/GINEBRA7FEBcas.pdf\" target=\"_blank\" rel=\"noopener\">Despeses Viatge 7 febrer 2018<\/a><\/p>\n<p><a href=\"https:\/\/www.circuitricardotormo.com\/wp-content\/uploads\/2022\/07\/REPUBLICA-CHECA.pdf\" target=\"_blank\" rel=\"noopener\">Despeses Viatge 3 \u2013 5 agost 2018< \/a><\/p>\n<p><a href=\"https:\/\/www.circuitricardotormo.com\/wp-content\/uploads\/2022\/07\/COMISIONFIASEPT.pdf\" target=\"_blank\" rel=\"noopener\">Despeses Viatge 3 i 4 setembre 2018<\/a ><\/p>\n<p><a href=\"https:\/\/clonecircuit.wpengine.com\/wp-content\/uploads\/2019\/03\/Despeses-Viatge-.pdf\" target=\"_blank\" rel=\"noopener\">Despeses Viatge 18 febrer 2019<\/ a><\/p>\n<p><a href=\"https:\/\/www.circuitricardotormo.com\/wp-content\/uploads\/2022\/07\/Despeses-Viatge-1-1.pdf\" target=\"_blank\" rel=\"noopener\">Despeses Viatge 8 mar\u00e7 2019<\/a><\/p>\n<p><a href=\"https:\/\/www.circuitricardotormo.com\/wp-content\/uploads\/2022\/07\/Gastos-Viaje-2-3-y-4-mayo-2019.pdf\" target=\"_blank\" rel=\"noopener\">Despeses Viatge 2 3 i 4 maig 2019<\/a><\/p>\n<p><a href=\"https:\/\/www.circuitricardotormo.com\/wp-content\/uploads\/2022\/07\/Gastos-Viaje-16-y-17-mayo-2019.pdf\" target=\"_blank\" rel=\"noopener\">Despeses Viatge 16 i 17 maig 2019<\/a><\/p>\n<p><a href=\"https:\/\/www.circuitricardotormo.com\/wp-content\/uploads\/2022\/07\/Gastos-Viaje-30-y-31-mayo-2019.pdf\" target=\"_blank\" rel=\"noopener\">Despeses Viatge 30 i 31 maig 2019<\/a><\/p>\n<p><a href=\"https:\/\/www.circuitricardotormo.com\/wp-content\/uploads\/2022\/07\/Gastos-4-de-junio-2019.pdf\" target=\"_blank\" rel=\"noopener\">Despeses 4 de juny 2019<\/a><\/p>\n<p><a href=\"https:\/\/www.circuitricardotormo.com\/wp-content\/uploads\/2022\/07\/Gastos-29-de-junio-2019.pdf\" target=\"_blank\" rel=\"noopener\">Despeses 29 de juny 2019<\/a><\/p>\n<p><a href=\"\/wp-content\/uploads\/2022\/07\/Declaracion-de-Obsequis-1.pdf\" target=\"_blank\" rel=\"noopener\">Declaraci\u00f3 d&#8217;obsequis<\/a><\/p>\n<p>1.3. <strong>Personal<\/strong><\/p>\n<p><a href=\"https:\/\/www.circuitricardotormo.com\/wp-content\/uploads\/2022\/07\/Relacion-de-Puestos-de-Treball-2015.pdf\" target=\"_blank\" rel=\"noopener\"> Relaci\u00f3 de Llocs de Treball 2015<\/a><\/p>\n<p><a href=\"\/wp-content\/uploads\/2022\/07\/RPT-2016-v2.pdf\" target=\"_blank\" rel=\"noopener\">Relaci\u00f3 de Llocs de Treball 2016<\/a><\/p>\n<p><a href=\"https:\/\/www.circuitricardotormo.com\/wp-content\/uploads\/2022\/07\/Relacion-Puestos-de-trabajo-2017.pdf\" target=\"_blank\" rel=\"noopener\">Relaci\u00f3 de Llocs de Treball 2017<\/a><\/p>\n<p><a href=\"https:\/\/www.circuitricardotormo.com\/wp-content\/uploads\/2022\/07\/RPT-2018.pdf\" target=\"_blank\" rel=\"noopener\">Relaci\u00f3 de Llocs de Treball 2018<\/ a><\/p>\n<p><a href=\"https:\/\/www.circuitricardotormo.com\/wp-content\/uploads\/2022\/07\/RPT-2019-DOGV.pdf\" target=\"_blank\" rel=\"noopener\">Relaci\u00f3 de Llocs de Treball 2019 <\/a><\/p>\n<p><a href=\"https:\/\/www.circuitricardotormo.com\/wp-content\/uploads\/2022\/07\/RPT-2020.pdf\" target=\"_blank\" rel=\"noopener\">Relaci\u00f3 de Llocs de Treball 2020<\/ a><\/p>\n<p><a href=\"https:\/\/www.circuitricardotormo.com\/wp-content\/uploads\/2022\/07\/sello_fentempresa.pdf\" target=\"_blank\" rel=\"noopener\">Pla d&#8217;Igualtat (segell Fent Empresa)<\/ a><\/p>\n<p><a href=\"https:\/\/www.circuitricardotormo.com\/wp-content\/uploads\/2022\/07\/Diploma_58_de_2018_firmado.pdf\" target=\"_blank\" rel=\"noopener\">Pla d&#8217;Igualtat (diploma)<\/a><\/p>\n<p>&nbsp;<\/p>\n<p>2. \u00a0 \u00a0<strong>Relaci\u00f3 amb els ciutadans<\/strong><\/p>\n<p>\u00b7 \u00a0<a href=\"\/circuit\/\" target=\"_blank\" rel=\"nofollow noopener\">Cartera de serveis<\/a><\/p>\n<p>\u00b7 \u00a0<a href=\"\/contacte\/\">Carta de serveis<\/a><\/p>\n<p>3.\u00a0 \u00a0<strong>Xifres<\/strong><\/p>\n<p>\u00b7 \u00a0<a href=\"http:\/\/www.hisenda.gva.es\/estatico\/presupuestos\/2016\/T0\/T5_cas.html\" target=\"_blank\" rel=\"noopener\">Pressupost<\/a>\u00a0<a href=\"http:\/\/www.hisenda.gva .es\/estatico\/presupuestos\/2016\/T0\/T5_cas.html\">2016<\/a>\u00a0<a href=\"http:\/\/www.hisenda.gva.es\/auto\/presupuestos\/2017\/index_cas.html\" target=\"_blank\" rel=\"nofollow noopener\">2017<\/a><\/p>\n<p>\u00b7 \u00a0<a href=\"http:\/\/www.hisenda.gva.es\/estatico\/cuentageneral\/2014\/pdf_entidades\/E19_SM_CMPD_CA.pdf\" target=\"_blank\" rel=\"noopener\">Comptes Anuals<\/a><\/p>\n<p>\u00b7 \u00a0<a href=\"http:\/\/www.hisenda.gva.es\/web\/intervencion-general\/laconselleria-infogeneral-laintervenciongeneral-cuentas\" target=\"_blank\" rel=\"nofollow noopener\">Informe Auditoria\u00a0<\/a><\/p>\n<p>\u00b7 \u00a0<a href=\"https:\/\/www.circuitvalencia.com\/perfil-del-contratante\/\" target=\"_blank\" rel=\"nofollow noopener\">Contractes<\/a><\/p>\n<p>\u00b7 \u00a0<a href=\"http:\/\/www.ceice.gva.es\/web\/deporte\/subvencion-nominativa-para-gastos-de-explotacion-del-circuito-del-motor\" target=\"_blank\" rel=\"nofollow noopener\">Subvencions i Ajuts P\u00fablics<\/a><\/p>\n<p>\u00b7 \u00a0<a href=\"http:\/\/www.hisenda.gva.es\/web\/intervencion-general\/periodo-medio-de-pago-por-entidades\" target=\"_blank\" rel=\"nofollow noopener\">PMP< \/a><\/p>\n<p>\u00b7 \u00a0<a href=\"https:\/\/www.circuitvalencia.com\/movimientos-bancarios\" target=\"_blank\" rel=\"nofollow noopener\">Moviments Bancaris<\/a><\/p>\n<p><a href=\"https:\/\/www.circuitricardotormo.com\/informes-de-tesoreria\/\" target=\"_blank\" rel=\"nofollow noopener\">\u00b7 \u00a0Informes de Tresoreria<\/a><\/p>\n","protected":false},"excerpt":{"rendered":"<p>1.\u00a0\u00a0INFORMACI\u00d3 CORPORATIVA 1.1. Estructura Organitzativa 1.1.1. Dades b\u00e0siques \u00b7 \u00a0Circuit del Motor i Promoci\u00f3 Esportiva, S.A. \u00b7 \u00a0Normes de creaci\u00f3 i funcionament \u00b7 \u00a0Seus i adreces: Circuit de la Comunitat Valenciana Ricardo Tormo. Ctra. N III. sortida 334. -46380 Cheste- Val\u00e8ncia \u00b7 \u00a0Instruccions i directrius 1.2. Govern i organitzaci\u00f3. 1.2.1. \u00d2rgans de Govern, Direcci\u00f3 i [&hellip;]<\/p>\n","protected":false},"author":1,"featured_media":0,"parent":0,"menu_order":0,"comment_status":"closed","ping_status":"closed","template":"","meta":{"_acf_changed":false,"footnotes":""},"class_list":["post-21578","page","type-page","status-publish","hentry"],"acf":[],"_links":{"self":[{"href":"https:\/\/www.circuitricardotormo.com\/ca\/wp-json\/wp\/v2\/pages\/21578","targetHints":{"allow":["GET"]}}],"collection":[{"href":"https:\/\/www.circuitricardotormo.com\/ca\/wp-json\/wp\/v2\/pages"}],"about":[{"href":"https:\/\/www.circuitricardotormo.com\/ca\/wp-json\/wp\/v2\/types\/page"}],"author":[{"embeddable":true,"href":"https:\/\/www.circuitricardotormo.com\/ca\/wp-json\/wp\/v2\/users\/1"}],"replies":[{"embeddable":true,"href":"https:\/\/www.circuitricardotormo.com\/ca\/wp-json\/wp\/v2\/comments?post=21578"}],"version-history":[{"count":0,"href":"https:\/\/www.circuitricardotormo.com\/ca\/wp-json\/wp\/v2\/pages\/21578\/revisions"}],"wp:attachment":[{"href":"https:\/\/www.circuitricardotormo.com\/ca\/wp-json\/wp\/v2\/media?parent=21578"}],"curies":[{"name":"wp","href":"https:\/\/api.w.org\/{rel}","templated":true}]}}